{"id":979,"date":"2022-12-07T21:35:02","date_gmt":"2022-12-07T21:35:02","guid":{"rendered":"https:\/\/educarebolivia.com\/?page_id=979"},"modified":"2022-12-08T23:31:27","modified_gmt":"2022-12-08T23:31:27","slug":"resenas","status":"publish","type":"page","link":"https:\/\/educarebolivia.com\/index.php\/resenas\/","title":{"rendered":"Rese\u00f1as"},"content":{"rendered":"\t\t<div data-elementor-type=\"wp-page\" data-elementor-id=\"979\" class=\"elementor elementor-979\">\n\t\t\t\t\t\t\t\t\t<section class=\"elementor-section elementor-top-section elementor-element elementor-element-e72ae69 elementor-section-boxed elementor-section-height-default elementor-section-height-default\" data-id=\"e72ae69\" data-element_type=\"section\" data-settings=\"{&quot;background_background&quot;:&quot;classic&quot;}\">\n\t\t\t\t\t\t<div class=\"elementor-container elementor-column-gap-default\">\n\t\t\t\t\t<div class=\"elementor-column elementor-col-100 elementor-top-column elementor-element elementor-element-74a62b2\" data-id=\"74a62b2\" data-element_type=\"column\">\n\t\t\t<div class=\"elementor-widget-wrap elementor-element-populated\">\n\t\t\t\t\t\t\t\t<div class=\"elementor-element elementor-element-488d5cd elementor-widget elementor-widget-spacer\" data-id=\"488d5cd\" data-element_type=\"widget\" data-widget_type=\"spacer.default\">\n\t\t\t\t<div class=\"elementor-widget-container\">\n\t\t\t<style>\/*! elementor - v3.8.1 - 13-11-2022 *\/\n.elementor-column .elementor-spacer-inner{height:var(--spacer-size)}.e-con{--container-widget-width:100%}.e-con-inner>.elementor-widget-spacer,.e-con>.elementor-widget-spacer{width:var(--container-widget-width,var(--spacer-size));-ms-flex-item-align:stretch;align-self:stretch;-ms-flex-negative:0;flex-shrink:0}.e-con-inner>.elementor-widget-spacer>.elementor-widget-container,.e-con-inner>.elementor-widget-spacer>.elementor-widget-container>.elementor-spacer,.e-con>.elementor-widget-spacer>.elementor-widget-container,.e-con>.elementor-widget-spacer>.elementor-widget-container>.elementor-spacer{height:100%}.e-con-inner>.elementor-widget-spacer>.elementor-widget-container>.elementor-spacer>.elementor-spacer-inner,.e-con>.elementor-widget-spacer>.elementor-widget-container>.elementor-spacer>.elementor-spacer-inner{height:var(--container-widget-height,var(--spacer-size))}<\/style>\t\t<div class=\"elementor-spacer\">\n\t\t\t<div class=\"elementor-spacer-inner\"><\/div>\n\t\t<\/div>\n\t\t\t\t<\/div>\n\t\t\t\t<\/div>\n\t\t\t\t<div class=\"elementor-element elementor-element-921d389 elementor-widget-divider--view-line elementor-widget elementor-widget-divider\" data-id=\"921d389\" data-element_type=\"widget\" data-widget_type=\"divider.default\">\n\t\t\t\t<div class=\"elementor-widget-container\">\n\t\t\t<style>\/*! elementor - v3.8.1 - 13-11-2022 *\/\n.elementor-widget-divider{--divider-border-style:none;--divider-border-width:1px;--divider-color:#2c2c2c;--divider-icon-size:20px;--divider-element-spacing:10px;--divider-pattern-height:24px;--divider-pattern-size:20px;--divider-pattern-url:none;--divider-pattern-repeat:repeat-x}.elementor-widget-divider .elementor-divider{display:-webkit-box;display:-ms-flexbox;display:flex}.elementor-widget-divider .elementor-divider__text{font-size:15px;line-height:1;max-width:95%}.elementor-widget-divider .elementor-divider__element{margin:0 var(--divider-element-spacing);-ms-flex-negative:0;flex-shrink:0}.elementor-widget-divider .elementor-icon{font-size:var(--divider-icon-size)}.elementor-widget-divider .elementor-divider-separator{display:-webkit-box;display:-ms-flexbox;display:flex;margin:0;direction:ltr}.elementor-widget-divider--view-line_icon .elementor-divider-separator,.elementor-widget-divider--view-line_text .elementor-divider-separator{-webkit-box-align:center;-ms-flex-align:center;align-items:center}.elementor-widget-divider--view-line_icon .elementor-divider-separator:after,.elementor-widget-divider--view-line_icon .elementor-divider-separator:before,.elementor-widget-divider--view-line_text .elementor-divider-separator:after,.elementor-widget-divider--view-line_text .elementor-divider-separator:before{display:block;content:\"\";border-bottom:0;-webkit-box-flex:1;-ms-flex-positive:1;flex-grow:1;border-top:var(--divider-border-width) var(--divider-border-style) var(--divider-color)}.elementor-widget-divider--element-align-left .elementor-divider .elementor-divider-separator>.elementor-divider__svg:first-of-type{-webkit-box-flex:0;-ms-flex-positive:0;flex-grow:0;-ms-flex-negative:100;flex-shrink:100}.elementor-widget-divider--element-align-left .elementor-divider-separator:before{content:none}.elementor-widget-divider--element-align-left .elementor-divider__element{margin-left:0}.elementor-widget-divider--element-align-right .elementor-divider .elementor-divider-separator>.elementor-divider__svg:last-of-type{-webkit-box-flex:0;-ms-flex-positive:0;flex-grow:0;-ms-flex-negative:100;flex-shrink:100}.elementor-widget-divider--element-align-right .elementor-divider-separator:after{content:none}.elementor-widget-divider--element-align-right .elementor-divider__element{margin-right:0}.elementor-widget-divider:not(.elementor-widget-divider--view-line_text):not(.elementor-widget-divider--view-line_icon) .elementor-divider-separator{border-top:var(--divider-border-width) var(--divider-border-style) var(--divider-color)}.elementor-widget-divider--separator-type-pattern{--divider-border-style:none}.elementor-widget-divider--separator-type-pattern.elementor-widget-divider--view-line .elementor-divider-separator,.elementor-widget-divider--separator-type-pattern:not(.elementor-widget-divider--view-line) .elementor-divider-separator:after,.elementor-widget-divider--separator-type-pattern:not(.elementor-widget-divider--view-line) .elementor-divider-separator:before,.elementor-widget-divider--separator-type-pattern:not([class*=elementor-widget-divider--view]) .elementor-divider-separator{width:100%;min-height:var(--divider-pattern-height);-webkit-mask-size:var(--divider-pattern-size) 100%;mask-size:var(--divider-pattern-size) 100%;-webkit-mask-repeat:var(--divider-pattern-repeat);mask-repeat:var(--divider-pattern-repeat);background-color:var(--divider-color);-webkit-mask-image:var(--divider-pattern-url);mask-image:var(--divider-pattern-url)}.elementor-widget-divider--no-spacing{--divider-pattern-size:auto}.elementor-widget-divider--bg-round{--divider-pattern-repeat:round}.rtl .elementor-widget-divider .elementor-divider__text{direction:rtl}.e-con-inner>.elementor-widget-divider,.e-con>.elementor-widget-divider{width:var(--container-widget-width,100%)}<\/style>\t\t<div class=\"elementor-divider\">\n\t\t\t<span class=\"elementor-divider-separator\">\n\t\t\t\t\t\t<\/span>\n\t\t<\/div>\n\t\t\t\t<\/div>\n\t\t\t\t<\/div>\n\t\t\t\t<div class=\"elementor-element elementor-element-0dcc518 elementor-widget elementor-widget-heading\" data-id=\"0dcc518\" data-element_type=\"widget\" data-widget_type=\"heading.default\">\n\t\t\t\t<div class=\"elementor-widget-container\">\n\t\t\t<style>\/*! elementor - v3.8.1 - 13-11-2022 *\/\n.elementor-heading-title{padding:0;margin:0;line-height:1}.elementor-widget-heading .elementor-heading-title[class*=elementor-size-]>a{color:inherit;font-size:inherit;line-height:inherit}.elementor-widget-heading .elementor-heading-title.elementor-size-small{font-size:15px}.elementor-widget-heading .elementor-heading-title.elementor-size-medium{font-size:19px}.elementor-widget-heading .elementor-heading-title.elementor-size-large{font-size:29px}.elementor-widget-heading .elementor-heading-title.elementor-size-xl{font-size:39px}.elementor-widget-heading .elementor-heading-title.elementor-size-xxl{font-size:59px}<\/style><h2 class=\"elementor-heading-title elementor-size-default\">Rese\u00f1as<\/h2>\t\t<\/div>\n\t\t\t\t<\/div>\n\t\t\t\t\t<\/div>\n\t\t<\/div>\n\t\t\t\t\t\t\t<\/div>\n\t\t<\/section>\n\t\t\t\t<section class=\"elementor-section elementor-top-section elementor-element elementor-element-7cb2eab elementor-section-boxed elementor-section-height-default elementor-section-height-default\" data-id=\"7cb2eab\" data-element_type=\"section\" data-settings=\"{&quot;background_background&quot;:&quot;classic&quot;}\">\n\t\t\t\t\t\t<div class=\"elementor-container elementor-column-gap-default\">\n\t\t\t\t\t<div class=\"elementor-column elementor-col-100 elementor-top-column elementor-element elementor-element-0df5824\" data-id=\"0df5824\" data-element_type=\"column\">\n\t\t\t<div class=\"elementor-widget-wrap elementor-element-populated\">\n\t\t\t\t\t\t\t\t<div class=\"elementor-element elementor-element-64d0729 elementor-widget elementor-widget-text-editor\" data-id=\"64d0729\" data-element_type=\"widget\" data-widget_type=\"text-editor.default\">\n\t\t\t\t<div class=\"elementor-widget-container\">\n\t\t\t<style>\/*! elementor - v3.8.1 - 13-11-2022 *\/\n.elementor-widget-text-editor.elementor-drop-cap-view-stacked .elementor-drop-cap{background-color:#818a91;color:#fff}.elementor-widget-text-editor.elementor-drop-cap-view-framed .elementor-drop-cap{color:#818a91;border:3px solid;background-color:transparent}.elementor-widget-text-editor:not(.elementor-drop-cap-view-default) .elementor-drop-cap{margin-top:8px}.elementor-widget-text-editor:not(.elementor-drop-cap-view-default) .elementor-drop-cap-letter{width:1em;height:1em}.elementor-widget-text-editor .elementor-drop-cap{float:left;text-align:center;line-height:1;font-size:50px}.elementor-widget-text-editor .elementor-drop-cap-letter{display:inline-block}<\/style>\t\t\t\t<div class=\"ti-widget ti-face\" data-layout-id=\"33\" data-set-id=\"ligth-border\" data-pid=\"b5167179c03e50ec942cb\" > <div class=\"ti-widget-container\"> <div class=\"ti-header source-Facebook\" > <div class=\"ti-mob-row\"> <span class=\"nowrap\"><strong>EXCELENTE<\/strong><\/span> <span class=\"ti-stars\"><span class=\"ti-star f\"><\/span><span class=\"ti-star f\"><\/span><span class=\"ti-star f\"><\/span><span class=\"ti-star f\"><\/span><span class=\"ti-star f\"><\/span><\/span> <\/div> <div class=\"ti-mob-row\"> <span class=\"nowrap\"><strong>11 rese\u00f1as<\/strong> en<\/span><div class=\"ti-small-logo\"><img decoding=\"async\" src=\"https:\/\/educarebolivia.com\/wp-content\/plugins\/free-facebook-reviews-and-recommendations-widgets\/static\/img\/platform\/logo.svg?ver=do-not-care-9.7\" alt=\"Facebook\"><\/div> <\/div> <\/div> <div class=\"ti-reviews-container\"> <div class=\"ti-reviews-container-wrapper\">  <div data-empty=\"0\" class=\"ti-review-item source-Facebook\" > <div class=\"ti-inner\"> <div class=\"ti-review-header\"> <div class=\"ti-profile-img\"> <img decoding=\"async\" src=\"https:\/\/graph.facebook.com\/5695829810509591\/picture?access_token=EAACW8aYRzLUBAIJ0nQ5KAGuAMpSWZBaxCoLLiVEcarjZAhZClHZCBvYBjbsAuS4jsE9zbhtisJ7WCEEga4HEnATe2rAXooIDWB1iXVsSTZBkZBa8JEjLOHSPLmenJc8QQj99aLRXoJZCc0YqltJzuuWT1YOPkuufzayWmQ1TTaldKMucB0hXMLW&#038;type=square&#038;width=80\" alt=\"Diego Fari\u00f1as Avila\" \/> <\/div> <div class=\"ti-profile-details\"> <div class=\"ti-name\"> Diego Fari\u00f1as Avila <\/div> <div class=\"ti-date\">27\/01\/2022<\/div> <\/div> <\/div> <span class=\"ti-stars\"><span class=\"ti-recommendation\"><span class=\"ti-recommendation-icon positive\"><\/span><span class=\"ti-recommendation-title\">recomienda<\/span><\/span><span class=\"ti-dummy-stars\"><span class=\"ti-star f\"><\/span><span class=\"ti-star f\"><\/span><span class=\"ti-star f\"><\/span><span class=\"ti-star f\"><\/span><span class=\"ti-star f\"><\/span><\/span><\/span> <div class=\"ti-review-content\"> <div class=\"ti-inner\"> <!-- R-CONTENT -->un buen centro infantil, donde se puede confiar la educaci\u00f3n inicial de los ni\u00f1os\ud83d\ude0a<!-- R-CONTENT --> <\/div> <span class=\"ti-read-more\">Lee mas<\/span> <\/div> <\/div> <\/div>  <div data-empty=\"0\" class=\"ti-review-item source-Facebook\" > <div class=\"ti-inner\"> <div class=\"ti-review-header\"> <div class=\"ti-profile-img\"> <img decoding=\"async\" src=\"https:\/\/graph.facebook.com\/5526808574082915\/picture?access_token=EAACW8aYRzLUBAIJ0nQ5KAGuAMpSWZBaxCoLLiVEcarjZAhZClHZCBvYBjbsAuS4jsE9zbhtisJ7WCEEga4HEnATe2rAXooIDWB1iXVsSTZBkZBa8JEjLOHSPLmenJc8QQj99aLRXoJZCc0YqltJzuuWT1YOPkuufzayWmQ1TTaldKMucB0hXMLW&#038;type=square&#038;width=80\" alt=\"S Yami Pau PD\" \/> <\/div> <div class=\"ti-profile-details\"> <div class=\"ti-name\"> S Yami Pau PD <\/div> <div class=\"ti-date\">24\/06\/2021<\/div> <\/div> <\/div> <span class=\"ti-stars\"><span class=\"ti-recommendation\"><span class=\"ti-recommendation-icon positive\"><\/span><span class=\"ti-recommendation-title\">recomienda<\/span><\/span><span class=\"ti-dummy-stars\"><span class=\"ti-star f\"><\/span><span class=\"ti-star f\"><\/span><span class=\"ti-star f\"><\/span><span class=\"ti-star f\"><\/span><span class=\"ti-star f\"><\/span><\/span><\/span> <div class=\"ti-review-content\"> <div class=\"ti-inner\"> <!-- R-CONTENT -->Muy buen ambiente, educadoras cari\u00f1osas y m\u00e9todos de ense\u00f1anza excelentes, super recomendado<!-- R-CONTENT --> <\/div> <span class=\"ti-read-more\">Lee mas<\/span> <\/div> <\/div> <\/div>  <div data-empty=\"0\" class=\"ti-review-item source-Facebook\" > <div class=\"ti-inner\"> <div class=\"ti-review-header\"> <div class=\"ti-profile-img\"> <img decoding=\"async\" src=\"https:\/\/graph.facebook.com\/8725350720823282\/picture?access_token=EAACW8aYRzLUBAIJ0nQ5KAGuAMpSWZBaxCoLLiVEcarjZAhZClHZCBvYBjbsAuS4jsE9zbhtisJ7WCEEga4HEnATe2rAXooIDWB1iXVsSTZBkZBa8JEjLOHSPLmenJc8QQj99aLRXoJZCc0YqltJzuuWT1YOPkuufzayWmQ1TTaldKMucB0hXMLW&#038;type=square&#038;width=80\" alt=\"Fabiolita Andrea Rocha Quir\u00f3z\" \/> <\/div> <div class=\"ti-profile-details\"> <div class=\"ti-name\"> Fabiolita Andrea Rocha Quir\u00f3z <\/div> <div class=\"ti-date\">15\/05\/2021<\/div> <\/div> <\/div> <span class=\"ti-stars\"><span class=\"ti-recommendation\"><span class=\"ti-recommendation-icon positive\"><\/span><span class=\"ti-recommendation-title\">recomienda<\/span><\/span><span class=\"ti-dummy-stars\"><span class=\"ti-star f\"><\/span><span class=\"ti-star f\"><\/span><span class=\"ti-star f\"><\/span><span class=\"ti-star f\"><\/span><span class=\"ti-star f\"><\/span><\/span><\/span> <div class=\"ti-review-content\"> <div class=\"ti-inner\"> <!-- R-CONTENT -->La Guarder\u00eda m\u00e1s recomendada!! Las profes y la Directora son un amor!, los cuidan muy bien a los ni\u00f1os, y las medidas de bioseguridad son excelentes! \ud83d\ude0b\ud83d\ude0b\ud83d\ude0b<!-- R-CONTENT --> <\/div> <span class=\"ti-read-more\">Lee mas<\/span> <\/div> <\/div> <\/div>  <div data-empty=\"0\" class=\"ti-review-item source-Facebook\" > <div class=\"ti-inner\"> <div class=\"ti-review-header\"> <div class=\"ti-profile-img\"> <img decoding=\"async\" src=\"https:\/\/graph.facebook.com\/5992252974201698\/picture?access_token=EAACW8aYRzLUBAIJ0nQ5KAGuAMpSWZBaxCoLLiVEcarjZAhZClHZCBvYBjbsAuS4jsE9zbhtisJ7WCEEga4HEnATe2rAXooIDWB1iXVsSTZBkZBa8JEjLOHSPLmenJc8QQj99aLRXoJZCc0YqltJzuuWT1YOPkuufzayWmQ1TTaldKMucB0hXMLW&#038;type=square&#038;width=80\" alt=\"Juana Guarachi A\" \/> <\/div> <div class=\"ti-profile-details\"> <div class=\"ti-name\"> Juana Guarachi A <\/div> <div class=\"ti-date\">29\/12\/2020<\/div> <\/div> <\/div> <span class=\"ti-stars\"><span class=\"ti-recommendation\"><span class=\"ti-recommendation-icon positive\"><\/span><span class=\"ti-recommendation-title\">recomienda<\/span><\/span><span class=\"ti-dummy-stars\"><span class=\"ti-star f\"><\/span><span class=\"ti-star f\"><\/span><span class=\"ti-star f\"><\/span><span class=\"ti-star f\"><\/span><span class=\"ti-star f\"><\/span><\/span><\/span> <div class=\"ti-review-content\"> <div class=\"ti-inner\"> <!-- R-CONTENT -->Excelente Centro, los ni\u00f1os juegan y aprehenden muy bien&#8230;<!-- R-CONTENT --> <\/div> <span class=\"ti-read-more\">Lee mas<\/span> <\/div> <\/div> <\/div>  <div data-empty=\"0\" class=\"ti-review-item source-Facebook\" > <div class=\"ti-inner\"> <div class=\"ti-review-header\"> <div class=\"ti-profile-img\"> <img decoding=\"async\" src=\"https:\/\/graph.facebook.com\/6021893461163855\/picture?access_token=EAACW8aYRzLUBAIJ0nQ5KAGuAMpSWZBaxCoLLiVEcarjZAhZClHZCBvYBjbsAuS4jsE9zbhtisJ7WCEEga4HEnATe2rAXooIDWB1iXVsSTZBkZBa8JEjLOHSPLmenJc8QQj99aLRXoJZCc0YqltJzuuWT1YOPkuufzayWmQ1TTaldKMucB0hXMLW&#038;type=square&#038;width=80\" alt=\"Omar Fernandez\" \/> <\/div> <div class=\"ti-profile-details\"> <div class=\"ti-name\"> Omar Fernandez <\/div> <div class=\"ti-date\">29\/12\/2020<\/div> <\/div> <\/div> <span class=\"ti-stars\"><span class=\"ti-recommendation\"><span class=\"ti-recommendation-icon positive\"><\/span><span class=\"ti-recommendation-title\">recomienda<\/span><\/span><span class=\"ti-dummy-stars\"><span class=\"ti-star f\"><\/span><span class=\"ti-star f\"><\/span><span class=\"ti-star f\"><\/span><span class=\"ti-star f\"><\/span><span class=\"ti-star f\"><\/span><\/span><\/span> <div class=\"ti-review-content\"> <div class=\"ti-inner\"> <!-- R-CONTENT -->El cuidado con los peque\u00f1os, las profesionales que cuidan a los peque\u00f1os.<!-- R-CONTENT --> <\/div> <span class=\"ti-read-more\">Lee mas<\/span> <\/div> <\/div> <\/div>  <div data-empty=\"0\" class=\"ti-review-item source-Facebook\" > <div class=\"ti-inner\"> <div class=\"ti-review-header\"> <div class=\"ti-profile-img\"> <img decoding=\"async\" src=\"https:\/\/graph.facebook.com\/5280626095371800\/picture?access_token=EAACW8aYRzLUBAIJ0nQ5KAGuAMpSWZBaxCoLLiVEcarjZAhZClHZCBvYBjbsAuS4jsE9zbhtisJ7WCEEga4HEnATe2rAXooIDWB1iXVsSTZBkZBa8JEjLOHSPLmenJc8QQj99aLRXoJZCc0YqltJzuuWT1YOPkuufzayWmQ1TTaldKMucB0hXMLW&#038;type=square&#038;width=80\" alt=\"Gabriela Lucia Arevalo\" \/> <\/div> <div class=\"ti-profile-details\"> <div class=\"ti-name\"> Gabriela Lucia Arevalo <\/div> <div class=\"ti-date\">29\/12\/2020<\/div> <\/div> <\/div> <span class=\"ti-stars\"><span class=\"ti-recommendation\"><span class=\"ti-recommendation-icon positive\"><\/span><span class=\"ti-recommendation-title\">recomienda<\/span><\/span><span class=\"ti-dummy-stars\"><span class=\"ti-star f\"><\/span><span class=\"ti-star f\"><\/span><span class=\"ti-star f\"><\/span><span class=\"ti-star f\"><\/span><span class=\"ti-star f\"><\/span><\/span><\/span> <div class=\"ti-review-content\"> <div class=\"ti-inner\"> <!-- R-CONTENT -->Es un centro especializado con el cuidado de los ni\u00f1os muy acogedor, aprenden bastante.<!-- R-CONTENT --> <\/div> <span class=\"ti-read-more\">Lee mas<\/span> <\/div> <\/div> <\/div>  <div data-empty=\"0\" class=\"ti-review-item source-Facebook\" > <div class=\"ti-inner\"> <div class=\"ti-review-header\"> <div class=\"ti-profile-img\"> <img decoding=\"async\" src=\"https:\/\/graph.facebook.com\/5605723726189157\/picture?access_token=EAACW8aYRzLUBAIJ0nQ5KAGuAMpSWZBaxCoLLiVEcarjZAhZClHZCBvYBjbsAuS4jsE9zbhtisJ7WCEEga4HEnATe2rAXooIDWB1iXVsSTZBkZBa8JEjLOHSPLmenJc8QQj99aLRXoJZCc0YqltJzuuWT1YOPkuufzayWmQ1TTaldKMucB0hXMLW&#038;type=square&#038;width=80\" alt=\"Dennis Landa\" \/> <\/div> <div class=\"ti-profile-details\"> <div class=\"ti-name\"> Dennis Landa <\/div> <div class=\"ti-date\">29\/12\/2020<\/div> <\/div> <\/div> <span class=\"ti-stars\"><span class=\"ti-recommendation\"><span class=\"ti-recommendation-icon positive\"><\/span><span class=\"ti-recommendation-title\">recomienda<\/span><\/span><span class=\"ti-dummy-stars\"><span class=\"ti-star f\"><\/span><span class=\"ti-star f\"><\/span><span class=\"ti-star f\"><\/span><span class=\"ti-star f\"><\/span><span class=\"ti-star f\"><\/span><\/span><\/span> <div class=\"ti-review-content\"> <div class=\"ti-inner\"> <!-- R-CONTENT -->Un agradable lugar para que los ni\u00f1os aprendan, se diviertan y convivan con otros ni\u00f1os.<!-- R-CONTENT --> <\/div> <span class=\"ti-read-more\">Lee mas<\/span> <\/div> <\/div> <\/div>  <div data-empty=\"0\" class=\"ti-review-item source-Facebook\" > <div class=\"ti-inner\"> <div class=\"ti-review-header\"> <div class=\"ti-profile-img\"> <img decoding=\"async\" src=\"https:\/\/graph.facebook.com\/5845609075495470\/picture?access_token=EAACW8aYRzLUBAIJ0nQ5KAGuAMpSWZBaxCoLLiVEcarjZAhZClHZCBvYBjbsAuS4jsE9zbhtisJ7WCEEga4HEnATe2rAXooIDWB1iXVsSTZBkZBa8JEjLOHSPLmenJc8QQj99aLRXoJZCc0YqltJzuuWT1YOPkuufzayWmQ1TTaldKMucB0hXMLW&#038;type=square&#038;width=80\" alt=\"Alejandra Viviana Velez Poncedeleon\" \/> <\/div> <div class=\"ti-profile-details\"> <div class=\"ti-name\"> Alejandra Viviana Velez Poncedeleon <\/div> <div class=\"ti-date\">13\/09\/2019<\/div> <\/div> <\/div> <span class=\"ti-stars\"><span class=\"ti-recommendation\"><span class=\"ti-recommendation-icon positive\"><\/span><span class=\"ti-recommendation-title\">recomienda<\/span><\/span><span class=\"ti-dummy-stars\"><span class=\"ti-star f\"><\/span><span class=\"ti-star f\"><\/span><span class=\"ti-star f\"><\/span><span class=\"ti-star f\"><\/span><span class=\"ti-star f\"><\/span><\/span><\/span> <div class=\"ti-review-content\"> <div class=\"ti-inner\"> <!-- R-CONTENT -->excelente trato a los ni\u00f1os ,educadoras buenas y trato amable y respetuoso&#8230;muy pocas guarder\u00edas cumplen las espectativas de nosotras las mamas,nuestros ni\u00f1os muy bien cuidados como si estuvieran en casa&#8230;<!-- R-CONTENT --> <\/div> <span class=\"ti-read-more\">Lee mas<\/span> <\/div> <\/div> <\/div>  <div data-empty=\"0\" class=\"ti-review-item source-Facebook\" > <div class=\"ti-inner\"> <div class=\"ti-review-header\"> <div class=\"ti-profile-img\"> <img decoding=\"async\" src=\"https:\/\/graph.facebook.com\/4959027340867013\/picture?access_token=EAACW8aYRzLUBAIJ0nQ5KAGuAMpSWZBaxCoLLiVEcarjZAhZClHZCBvYBjbsAuS4jsE9zbhtisJ7WCEEga4HEnATe2rAXooIDWB1iXVsSTZBkZBa8JEjLOHSPLmenJc8QQj99aLRXoJZCc0YqltJzuuWT1YOPkuufzayWmQ1TTaldKMucB0hXMLW&#038;type=square&#038;width=80\" alt=\"Shari Rivera\" \/> <\/div> <div class=\"ti-profile-details\"> <div class=\"ti-name\"> Shari Rivera <\/div> <div class=\"ti-date\">23\/08\/2019<\/div> <\/div> <\/div> <span class=\"ti-stars\"><span class=\"ti-recommendation\"><span class=\"ti-recommendation-icon positive\"><\/span><span class=\"ti-recommendation-title\">recomienda<\/span><\/span><span class=\"ti-dummy-stars\"><span class=\"ti-star f\"><\/span><span class=\"ti-star f\"><\/span><span class=\"ti-star f\"><\/span><span class=\"ti-star f\"><\/span><span class=\"ti-star f\"><\/span><\/span><\/span> <div class=\"ti-review-content\"> <div class=\"ti-inner\"> <!-- R-CONTENT -->Un lugar super lindo! \ncon mucha paciencia y dedicaci\u00f3n.\nmi peque\u00f1o disfruto al m\u00e1ximo el curso de mini chef!\ngracias por todo!<!-- R-CONTENT --> <\/div> <span class=\"ti-read-more\">Lee mas<\/span> <\/div> <\/div> <\/div>  <div data-empty=\"0\" class=\"ti-review-item source-Facebook\" > <div class=\"ti-inner\"> <div class=\"ti-review-header\"> <div class=\"ti-profile-img\"> <img decoding=\"async\" src=\"https:\/\/graph.facebook.com\/5578317078952369\/picture?access_token=EAACW8aYRzLUBAIJ0nQ5KAGuAMpSWZBaxCoLLiVEcarjZAhZClHZCBvYBjbsAuS4jsE9zbhtisJ7WCEEga4HEnATe2rAXooIDWB1iXVsSTZBkZBa8JEjLOHSPLmenJc8QQj99aLRXoJZCc0YqltJzuuWT1YOPkuufzayWmQ1TTaldKMucB0hXMLW&#038;type=square&#038;width=80\" alt=\"Monica Toyama\" \/> <\/div> <div class=\"ti-profile-details\"> <div class=\"ti-name\"> Monica Toyama <\/div> <div class=\"ti-date\">06\/08\/2019<\/div> <\/div> <\/div> <span class=\"ti-stars\"><span class=\"ti-recommendation\"><span class=\"ti-recommendation-icon positive\"><\/span><span class=\"ti-recommendation-title\">recomienda<\/span><\/span><span class=\"ti-dummy-stars\"><span class=\"ti-star f\"><\/span><span class=\"ti-star f\"><\/span><span class=\"ti-star f\"><\/span><span class=\"ti-star f\"><\/span><span class=\"ti-star f\"><\/span><\/span><\/span> <div class=\"ti-review-content\"> <div class=\"ti-inner\"> <!-- R-CONTENT -->Todo el lugar est\u00e1 adaptado para el juego y aprendizaje de los ni\u00f1os, con juguetes y material did\u00e1ctico moderno y a estrenar. Profesoras cari\u00f1osas y profesionales. Tuvimos una excelente experiencia durante el tiempo que mi ni\u00f1a asisti\u00f3.<!-- R-CONTENT --> <\/div> <span class=\"ti-read-more\">Lee mas<\/span> <\/div> <\/div> <\/div>  <\/div> <\/div> <\/div> <\/div>\t\t\t\t\t\t<\/div>\n\t\t\t\t<\/div>\n\t\t\t\t<div class=\"elementor-element elementor-element-be70c66 elementor-widget elementor-widget-spacer\" data-id=\"be70c66\" data-element_type=\"widget\" data-widget_type=\"spacer.default\">\n\t\t\t\t<div class=\"elementor-widget-container\">\n\t\t\t\t\t<div class=\"elementor-spacer\">\n\t\t\t<div class=\"elementor-spacer-inner\"><\/div>\n\t\t<\/div>\n\t\t\t\t<\/div>\n\t\t\t\t<\/div>\n\t\t\t\t<div class=\"elementor-element elementor-element-bff06a3 elementor-widget-divider--view-line elementor-widget elementor-widget-divider\" data-id=\"bff06a3\" data-element_type=\"widget\" data-widget_type=\"divider.default\">\n\t\t\t\t<div class=\"elementor-widget-container\">\n\t\t\t\t\t<div class=\"elementor-divider\">\n\t\t\t<span class=\"elementor-divider-separator\">\n\t\t\t\t\t\t<\/span>\n\t\t<\/div>\n\t\t\t\t<\/div>\n\t\t\t\t<\/div>\n\t\t\t\t\t<\/div>\n\t\t<\/div>\n\t\t\t\t\t\t\t<\/div>\n\t\t<\/section>\n\t\t\t\t\t\t\t<\/div>\n\t\t","protected":false},"excerpt":{"rendered":"<p>Rese\u00f1as<\/p>\n","protected":false},"author":1,"featured_media":0,"parent":0,"menu_order":0,"comment_status":"closed","ping_status":"closed","template":"","meta":{"om_disable_all_campaigns":false,"inline_featured_image":false,"_mi_skip_tracking":false,"site-sidebar-layout":"no-sidebar","site-content-layout":"page-builder","ast-global-header-display":"","ast-main-header-display":"","ast-hfb-above-header-display":"","ast-hfb-below-header-display":"","ast-hfb-mobile-header-display":"","site-post-title":"disabled","ast-breadcrumbs-content":"","ast-featured-img":"disabled","footer-sml-layout":"","theme-transparent-header-meta":"","adv-header-id-meta":"","stick-header-meta":"","header-above-stick-meta":"","header-main-stick-meta":"","header-below-stick-meta":""},"aioseo_notices":[],"rttpg_featured_image_url":null,"rttpg_author":{"display_name":"oscar.valdez.arancibia@gmail.com","author_link":"https:\/\/educarebolivia.com\/index.php\/author\/oscar-valdez-arancibiagmail-com\/"},"rttpg_comment":0,"rttpg_category":null,"rttpg_excerpt":"Rese\u00f1as","_links":{"self":[{"href":"https:\/\/educarebolivia.com\/index.php\/wp-json\/wp\/v2\/pages\/979"}],"collection":[{"href":"https:\/\/educarebolivia.com\/index.php\/wp-json\/wp\/v2\/pages"}],"about":[{"href":"https:\/\/educarebolivia.com\/index.php\/wp-json\/wp\/v2\/types\/page"}],"author":[{"embeddable":true,"href":"https:\/\/educarebolivia.com\/index.php\/wp-json\/wp\/v2\/users\/1"}],"replies":[{"embeddable":true,"href":"https:\/\/educarebolivia.com\/index.php\/wp-json\/wp\/v2\/comments?post=979"}],"version-history":[{"count":34,"href":"https:\/\/educarebolivia.com\/index.php\/wp-json\/wp\/v2\/pages\/979\/revisions"}],"predecessor-version":[{"id":1255,"href":"https:\/\/educarebolivia.com\/index.php\/wp-json\/wp\/v2\/pages\/979\/revisions\/1255"}],"wp:attachment":[{"href":"https:\/\/educarebolivia.com\/index.php\/wp-json\/wp\/v2\/media?parent=979"}],"curies":[{"name":"wp","href":"https:\/\/api.w.org\/{rel}","templated":true}]}}